{"id":76,"date":"2025-10-22T20:30:10","date_gmt":"2025-10-22T20:30:10","guid":{"rendered":"http:\/\/halendorf.de\/?page_id=76"},"modified":"2026-01-14T16:52:03","modified_gmt":"2026-01-14T16:52:03","slug":"front_page","status":"publish","type":"page","link":"https:\/\/halendorf.de\/?page_id=76","title":{"rendered":"Bekanntmachungen"},"content":{"rendered":"\n<div style=\"height:var(--wp--preset--spacing--50)\" aria-hidden=\"true\" class=\"wp-block-spacer\"><\/div>\n\n\n\n<div class=\"wp-block-group alignwide has-global-padding is-layout-constrained wp-block-group-is-layout-constrained\">\n<h1 class=\"wp-block-heading alignwide has-xx-large-font-size\" style=\"line-height:1.2\">Einladung<\/h1>\n\n\n\n<p class=\"wp-block-paragraph\">An die Jagdp\u00e4chter und Begehungsscheininhaber<br>Einladung zur Mitgliederversammlung mit Jagdessen<br>Sehr geehrte Jagdgenossen\/innen der JG Sch\u00f6nwalde \u2013 Halendorf,<br>hiermit laden wir Sie herzlich zu unserer Mitgliederversammlung und zu unserem<br>traditionellen Jagdessen ein. Die Versammlung findet statt<br>Bei Marco im Haus der Begegnung<br>Dr. Julius Stinde Stra\u00dfe 2a<br>23738 Lensahn<br>am Donnerstag, dem 29. Januar 2026 um 18.30 Uhr<br>Tagesordnung:<\/p>\n\n\n\n<ol class=\"wp-block-list\">\n<li>Begr\u00fc\u00dfung durch die Jagdvorsteherin<\/li>\n\n\n\n<li>Protokollverlesung der letzten Mitgliederversammlung<\/li>\n\n\n\n<li>Bericht der Jagdvorsteherin<\/li>\n\n\n\n<li>Kassenbericht, Bericht des Kassenpr\u00fcfers<\/li>\n\n\n\n<li>Entlastung des Vorstandes<\/li>\n\n\n\n<li>Wahlen<br>Vorsitzender\/in bisher Annette Paulsen<br>Stell. Vorsitzender\/in bisher Peter Seehusen<br>Schriftf\u00fchrer\/Kassenwart bisher Klaus-Dieter Paulsen<br>Beisitzer\/in bisher Marten Schumacher<br>Beisitzer\/in bisher Thies Rehder<br>Kassenpr\u00fcfer bisher Heyko Steffen (scheidet aus)<br>Olaf Sch\u00f6ning<\/li>\n\n\n\n<li>Verschiedenes<\/li>\n\n\n\n<li>Ab 19.00 Jagdessen ( jagdliches 2 G\u00e4nge \u2013 Men\u00fc )<br>Hinweis: Die Versammlung ist nicht \u00f6ffentlich. Sollte die Versammlung nicht<br>beschlussf\u00e4hig sein, wird hiermit zu einer zweiten Versammlung am selben Tag<br>um 19.30 Uhr eingeladen.<br>Sie werden in unserem Jagdkataster mit \u00abVZ_3\u00bb ha gef\u00fchrt.<br>Als Mitglied unserer Jagdgenossenschaft k\u00f6nnen Sie mit 2 Personen an dem<br>Jagdessen teilnehmen.<br>Gerne k\u00f6nnen Sie nach Absprache weitere Familienmitglieder mitbringen.<br>Der Kostenbeitrag f\u00fcr die G\u00e4ste bel\u00e4uft sich auf 40\u20ac.<br>Die Jagdp\u00e4chter und Begehungsscheininhaber und Partner sind nat\u00fcrlich unsere<br>G\u00e4ste.<br>Wir nehmen bis zum 22.1.2026 Ihre Anmeldung entgegen:<br>Annette Paulsen 04528 1295 oder 0162 333 22 16<br>Mail: apaulsen@halendorf.de<br>oder<br>Klaus\u2013Dieter Paulsen 04528 1295 oder 0176 55139805<br>Mail: paulsenhalendorf@t-online.de<br>Wir freuen uns auf einen gemeinsamen, geselligen Abend.<br>Herzliche Gr\u00fc\u00dfe<br>Ihr Jagdvorstand Sch\u00f6nwalde \u2013 Halendorf<br>Annette Paulsen &#8211; Peter Seehusen \u2013 Klaus Dieter Paulsen<\/li>\n<\/ol>\n<\/div>\n\n\n\n<div class=\"wp-block-group alignfull has-global-padding is-layout-constrained wp-container-core-group-is-layout-2388926a wp-block-group-is-layout-constrained\" style=\"padding-top:var(--wp--preset--spacing--50);padding-right:var(--wp--preset--spacing--50);padding-bottom:var(--wp--preset--spacing--50);padding-left:var(--wp--preset--spacing--50)\">\n<div class=\"wp-block-columns alignwide is-layout-flex wp-container-core-columns-is-layout-694ead9e wp-block-columns-is-layout-flex\" style=\"margin-top:0;margin-bottom:0\">\n<div class=\"wp-block-column is-layout-flow wp-container-core-column-is-layout-41a1b4d3 wp-block-column-is-layout-flow\" style=\"padding-top:0\">\n<div style=\"height:var(--wp--preset--spacing--50)\" aria-hidden=\"true\" class=\"wp-block-spacer\"><\/div>\n\n\n\n<div class=\"wp-block-query is-layout-flow wp-block-query-is-layout-flow\"><\/div>\n\n\n\n<div style=\"height:var(--wp--preset--spacing--50)\" aria-hidden=\"true\" class=\"wp-block-spacer\"><\/div>\n<\/div>\n<\/div>\n<\/div>\n","protected":false},"excerpt":{"rendered":"<p>Einladung An die Jagdp\u00e4chter und BegehungsscheininhaberEinladung zur Mitgliederversammlung mit JagdessenSehr geehrte Jagdgenossen\/innen der JG Sch\u00f6nwalde \u2013 Halendorf,hiermit laden wir Sie herzlich zu unserer Mitgliederversammlung und zu unseremtraditionellen Jagdessen ein. Die Versammlung findet stattBei Marco im Haus der BegegnungDr. Julius Stinde Stra\u00dfe 2a23738 Lensahnam Donnerstag, dem 29. Januar 2026 um 18.30 UhrTagesordnung:<\/p>\n","protected":false},"author":1,"featured_media":0,"parent":0,"menu_order":1,"comment_status":"closed","ping_status":"closed","template":"elementor_header_footer","meta":{"_crdt_document":"","footnotes":""},"class_list":["post-76","page","type-page","status-publish","hentry"],"_links":{"self":[{"href":"https:\/\/halendorf.de\/index.php?rest_route=\/wp\/v2\/pages\/76","targetHints":{"allow":["GET"]}}],"collection":[{"href":"https:\/\/halendorf.de\/index.php?rest_route=\/wp\/v2\/pages"}],"about":[{"href":"https:\/\/halendorf.de\/index.php?rest_route=\/wp\/v2\/types\/page"}],"author":[{"embeddable":true,"href":"https:\/\/halendorf.de\/index.php?rest_route=\/wp\/v2\/users\/1"}],"replies":[{"embeddable":true,"href":"https:\/\/halendorf.de\/index.php?rest_route=%2Fwp%2Fv2%2Fcomments&post=76"}],"version-history":[{"count":8,"href":"https:\/\/halendorf.de\/index.php?rest_route=\/wp\/v2\/pages\/76\/revisions"}],"predecessor-version":[{"id":338,"href":"https:\/\/halendorf.de\/index.php?rest_route=\/wp\/v2\/pages\/76\/revisions\/338"}],"wp:attachment":[{"href":"https:\/\/halendorf.de\/index.php?rest_route=%2Fwp%2Fv2%2Fmedia&parent=76"}],"curies":[{"name":"wp","href":"https:\/\/api.w.org\/{rel}","templated":true}]}}