{"id":70,"date":"2025-10-22T20:28:37","date_gmt":"2025-10-22T20:28:37","guid":{"rendered":"http:\/\/halendorf.de\/?page_id=70"},"modified":"2025-11-12T15:47:57","modified_gmt":"2025-11-12T15:47:57","slug":"jagdbogen","status":"publish","type":"page","link":"https:\/\/halendorf.de\/?page_id=70","title":{"rendered":"Jagdbogen"},"content":{"rendered":"<p><img loading=\"lazy\" decoding=\"async\" width=\"800\" height=\"577\" src=\"http:\/\/halendorf.de\/wp-content\/uploads\/2025\/10\/2025_Jagdbogen.jpg\" alt=\"\" srcset=\"https:\/\/halendorf.de\/wp-content\/uploads\/2025\/10\/2025_Jagdbogen.jpg 800w, https:\/\/halendorf.de\/wp-content\/uploads\/2025\/10\/2025_Jagdbogen-300x216.jpg 300w, https:\/\/halendorf.de\/wp-content\/uploads\/2025\/10\/2025_Jagdbogen-768x554.jpg 768w\" sizes=\"auto, (max-width: 800px) 100vw, 800px\" \/>\t\t\t\t\t\t\t\t\t\t\t\t\t<\/p>\n<p><strong>Die bejagdbare Fl\u00e4che der Jagdgenossenschaft Sch\u00f6nwalde-Halendorf betr\u00e4gt zur Zeit 746 ha.<\/strong><\/p>\n","protected":false},"excerpt":{"rendered":"<p>Die bejagdbare Fl\u00e4che der Jagdgenossenschaft Sch\u00f6nwalde-Halendorf betr\u00e4gt zur Zeit 746 ha.<\/p>\n","protected":false},"author":1,"featured_media":0,"parent":0,"menu_order":0,"comment_status":"closed","ping_status":"closed","template":"elementor_header_footer","meta":{"_crdt_document":"","footnotes":""},"class_list":["post-70","page","type-page","status-publish","hentry"],"_links":{"self":[{"href":"https:\/\/halendorf.de\/index.php?rest_route=\/wp\/v2\/pages\/70","targetHints":{"allow":["GET"]}}],"collection":[{"href":"https:\/\/halendorf.de\/index.php?rest_route=\/wp\/v2\/pages"}],"about":[{"href":"https:\/\/halendorf.de\/index.php?rest_route=\/wp\/v2\/types\/page"}],"author":[{"embeddable":true,"href":"https:\/\/halendorf.de\/index.php?rest_route=\/wp\/v2\/users\/1"}],"replies":[{"embeddable":true,"href":"https:\/\/halendorf.de\/index.php?rest_route=%2Fwp%2Fv2%2Fcomments&post=70"}],"version-history":[{"count":10,"href":"https:\/\/halendorf.de\/index.php?rest_route=\/wp\/v2\/pages\/70\/revisions"}],"predecessor-version":[{"id":205,"href":"https:\/\/halendorf.de\/index.php?rest_route=\/wp\/v2\/pages\/70\/revisions\/205"}],"wp:attachment":[{"href":"https:\/\/halendorf.de\/index.php?rest_route=%2Fwp%2Fv2%2Fmedia&parent=70"}],"curies":[{"name":"wp","href":"https:\/\/api.w.org\/{rel}","templated":true}]}}