{"id":299,"date":"2025-12-21T18:28:16","date_gmt":"2025-12-21T18:28:16","guid":{"rendered":"https:\/\/halendorf.de\/?page_id=299"},"modified":"2025-12-30T16:51:27","modified_gmt":"2025-12-30T16:51:27","slug":"impressum","status":"publish","type":"page","link":"https:\/\/halendorf.de\/?page_id=299","title":{"rendered":"Impressum"},"content":{"rendered":"\n<p class=\"wp-block-paragraph\">Verantwortlich gem\u00e4\u00df \u00a7 55 Absatz 1 des Rundfunkstaatsvertrags (RStV) und \u00a7 5 des Telemediengesetzes (TMG):<\/p>\n\n\n\n<p class=\"wp-block-paragraph\">Annette Paulsen<br>Am Schierenbek 3<br>23744 Halendorf<br>Telefon: (0 45 28) 1295<br><br>apaulsen(dot)halendorf(dot)de<\/p>\n\n\n\n<p class=\"wp-block-paragraph\">Erg\u00e4nzende Hinweise:<br>Ohne vorherige schriftliche Genehmigung ist eine kommerzielle Verwendung der auf diesem Angebot vorhandenen Dokumente ausdr\u00fccklich untersagt.<\/p>\n\n\n\n<p class=\"wp-block-paragraph\">F\u00fcr Fehler redaktioneller und technischer Art sowie f\u00fcr die allumfassende Richtigkeit der Eintragungen kann keine Haftung \u00fcbernommen werden. Insbesondere kann keine Gew\u00e4hr f\u00fcr die Vollst\u00e4ndigkeit und Richtigkeit von Informationen \u00fcbernommen werden, die \u00fcber weiterf\u00fchrende Links erreicht werden.<\/p>\n\n\n\n<p class=\"wp-block-paragraph\">Falls von unserem Internetangebot auf Seiten verwiesen wird, deren Inhalt Anlass zur Beanstandung gibt, bitten wir jeden, uns dies umgehend mitzuteilen.<\/p>\n\n\n\n<p class=\"wp-block-paragraph\">Die Redaktion beh\u00e4lt sich das Recht vor, ohne vorherige Ank\u00fcndigung \u00c4nderungen oder Erg\u00e4nzungen der bereitgestellten Informationen vorzunehmen, gegebenenfalls auch Informationen zu entfernen.<\/p>\n","protected":false},"excerpt":{"rendered":"<p>Verantwortlich gem\u00e4\u00df \u00a7 55 Absatz 1 des Rundfunkstaatsvertrags (RStV) und \u00a7 5 des Telemediengesetzes (TMG): Annette PaulsenAm Schierenbek 323744 HalendorfTelefon: (0 45 28) 1295 apaulsen(dot)halendorf(dot)de Erg\u00e4nzende Hinweise:Ohne vorherige schriftliche Genehmigung ist eine kommerzielle Verwendung der auf diesem Angebot vorhandenen Dokumente ausdr\u00fccklich untersagt. F\u00fcr Fehler redaktioneller und technischer Art sowie f\u00fcr die allumfassende Richtigkeit der Eintragungen [&hellip;]<\/p>\n","protected":false},"author":1,"featured_media":0,"parent":0,"menu_order":0,"comment_status":"closed","ping_status":"closed","template":"","meta":{"_crdt_document":"","footnotes":""},"class_list":["post-299","page","type-page","status-publish","hentry"],"_links":{"self":[{"href":"https:\/\/halendorf.de\/index.php?rest_route=\/wp\/v2\/pages\/299","targetHints":{"allow":["GET"]}}],"collection":[{"href":"https:\/\/halendorf.de\/index.php?rest_route=\/wp\/v2\/pages"}],"about":[{"href":"https:\/\/halendorf.de\/index.php?rest_route=\/wp\/v2\/types\/page"}],"author":[{"embeddable":true,"href":"https:\/\/halendorf.de\/index.php?rest_route=\/wp\/v2\/users\/1"}],"replies":[{"embeddable":true,"href":"https:\/\/halendorf.de\/index.php?rest_route=%2Fwp%2Fv2%2Fcomments&post=299"}],"version-history":[{"count":2,"href":"https:\/\/halendorf.de\/index.php?rest_route=\/wp\/v2\/pages\/299\/revisions"}],"predecessor-version":[{"id":309,"href":"https:\/\/halendorf.de\/index.php?rest_route=\/wp\/v2\/pages\/299\/revisions\/309"}],"wp:attachment":[{"href":"https:\/\/halendorf.de\/index.php?rest_route=%2Fwp%2Fv2%2Fmedia&parent=299"}],"curies":[{"name":"wp","href":"https:\/\/api.w.org\/{rel}","templated":true}]}}